{"id":2613,"date":"2016-07-12T14:22:14","date_gmt":"2016-07-12T12:22:14","guid":{"rendered":"https:\/\/relaisborgodeigatti.it\/borgo-dei-gatti\/"},"modified":"2022-06-22T08:33:56","modified_gmt":"2022-06-22T06:33:56","slug":"borgo-dei-gatti","status":"publish","type":"page","link":"https:\/\/relaisborgodeigatti.it\/en\/borgo-dei-gatti\/","title":{"rendered":"Borgo dei Gatti"},"content":{"rendered":"<section class=\"wpb-content-wrapper\"><p>[vc_row type=&#8221;vc_default&#8221; css=&#8221;.vc_custom_1474232685932{padding-top: 10px !important;padding-bottom: 20px !important;}&#8221;][vc_column width=&#8221;1\/2&#8243; css=&#8221;.vc_custom_1469281915280{padding-bottom: 60px !important;}&#8221;]<div id=\"ultimate-heading-491969d839e2663e4\" class=\"uvc-heading ult-adjust-bottom-margin ultimate-heading-491969d839e2663e4 uvc-6210 \" data-hspacer=\"no_spacer\"  data-halign=\"left\" style=\"text-align:left\"><div class=\"uvc-heading-spacer no_spacer\" style=\"top\"><\/div><div class=\"uvc-main-heading ult-responsive\"  data-ultimate-target='.uvc-heading.ultimate-heading-491969d839e2663e4 h2'  data-responsive-json-new='{\"font-size\":\"desktop:40px;\",\"line-height\":\"desktop:45px;\"}' ><h2 style=\"font-family:&#039;Great Vibes&#039;;--font-weight:theme;color:#976d4d;\">The story of<\/h2><\/div><div class=\"uvc-sub-heading ult-responsive\"  data-ultimate-target='.uvc-heading.ultimate-heading-491969d839e2663e4 .uvc-sub-heading '  data-responsive-json-new='{\"font-size\":\"desktop:35px;\",\"line-height\":\"desktop:40px;\"}'  style=\"font-family:&#039;Poppins&#039;;font-weight:normal;color:#303030;margin-bottom:20px;\">BORGO DEI GATTI<\/div><\/div>[vc_column_text]<strong>Once upon a time there was an ancient village<\/strong> where a little boy who grew up among the dirt roads and stone houses, surrounded by beautiful vineyards, inhabited by farmers and peasants, worn by the the seasons, as seen from the palms of their hands. This little boy loved his town, his mother\u2019s town. By heart, he knew each and every corner, the grand courtyard where people danced on those warm August evenings, the barns, shelter for those great gentle cats, and even the tavern where the wine helped us all to forget the tiredness of the earth. Piano, piano il paese si \u00e8 spopolato. Anche il ragazzino \u00e8 dovuto partire. Ma si \u00e8 fatto una promessa, un giorno sarebbe tornato e avrebbe fatto rinascere il villaggio di sua madre.<\/p>\n<p>Le radici a volte sono ali. Ora il sogno \u00e8 diventato realt\u00e0. Golferenzo ha iniziato a scrivere un nuovo capitolo di questa storia meravigliosa attraverso il progetto del <strong>Borgo dei Gatti<\/strong> che con le sue bellissime dimore rurali sapientemente ristrutturate, alcune gi\u00e0 disponibili e altre pronte la prossima primavera, permetter\u00e0 a tutti voi di vivere l\u2019atmosfera di questo borgo incantato.[\/vc_column_text][\/vc_column][vc_column width=&#8221;1\/2&#8243; css=&#8221;.vc_custom_1469281920193{padding-bottom: 60px !important;}&#8221;][vc_single_image image=&#8221;2006&#8243; img_size=&#8221;full&#8221;][\/vc_column][\/vc_row][vc_row bg_type=&#8221;bg_color&#8221; bg_override=&#8221;ex-full&#8221; type=&#8221;vc_default&#8221; css=&#8221;.vc_custom_1637241723572{padding-top: 90px !important;padding-bottom: 40px !important;}&#8221; bg_color_value=&#8221;#f4f4f4&#8243;][vc_column width=&#8221;1\/2&#8243; offset=&#8221;vc_hidden-xs&#8221; css=&#8221;.vc_custom_1469185078009{padding-bottom: 30px !important;}&#8221;][vc_row_inner equal_height=&#8221;yes&#8221; css=&#8221;.vc_custom_1469281473155{padding-bottom: 20px !important;}&#8221;][vc_column_inner width=&#8221;1\/2&#8243; offset=&#8221;vc_col-lg-6 vc_col-md-6 vc_col-xs-6 vc_hidden-xs&#8221; css=&#8221;.vc_custom_1469184895697{padding-right: 15px !important;}&#8221;][vc_single_image image=&#8221;2013&#8243; img_size=&#8221;800 \u00d7 540&#8243; alignment=&#8221;center&#8221; image_hovers=&#8221;false&#8221; lazy_loading=&#8221;true&#8221; css=&#8221;.vc_custom_1637170751276{padding-bottom: 30px !important;}&#8221;][vc_single_image image=&#8221;2014&#8243; img_size=&#8221;800 \u00d7 540&#8243; alignment=&#8221;center&#8221; image_hovers=&#8221;false&#8221; lazy_loading=&#8221;true&#8221;][\/vc_column_inner][vc_column_inner width=&#8221;1\/2&#8243; offset=&#8221;vc_col-lg-offset-0 vc_col-lg-6 vc_col-md-offset-0 vc_col-md-6 vc_col-sm-offset-0 vc_col-xs-6 vc_hidden-xs&#8221; css=&#8221;.vc_custom_1637170736442{margin-right: 30px !important;margin-left: 15px !important;padding-top: 20px !important;padding-bottom: 20px !important;background-image: url(https:\/\/relaisborgodeigatti.it\/wp-content\/uploads\/2021\/11\/BorgoDeiGatti_0140.jpg?id=2012) !important;background-position: center !important;background-repeat: no-repeat !important;background-size: cover !important;}&#8221;][\/vc_column_inner][\/vc_row_inner][\/vc_column][vc_column width=&#8221;1\/2&#8243; css=&#8221;.vc_custom_1469185140913{padding-bottom: 20px !important;}&#8221;]<div id=\"ultimate-heading-592469d839e266423\" class=\"uvc-heading ult-adjust-bottom-margin ultimate-heading-592469d839e266423 uvc-4350 \" data-hspacer=\"no_spacer\"  data-halign=\"left\" style=\"text-align:left\"><div class=\"uvc-heading-spacer no_spacer\" style=\"top\"><\/div><div class=\"uvc-main-heading ult-responsive\"  data-ultimate-target='.uvc-heading.ultimate-heading-592469d839e266423 h2'  data-responsive-json-new='{\"font-size\":\"desktop:40px;\",\"line-height\":\"desktop:45px;\"}' ><h2 style=\"font-family:&#039;Great Vibes&#039;;--font-weight:theme;color:#976d4d;\">Discover our<\/h2><\/div><div class=\"uvc-sub-heading ult-responsive\"  data-ultimate-target='.uvc-heading.ultimate-heading-592469d839e266423 .uvc-sub-heading '  data-responsive-json-new='{\"font-size\":\"desktop:35px;\",\"line-height\":\"desktop:40px;\"}'  style=\"font-family:&#039;Poppins&#039;;font-weight:normal;color:#303030;margin-bottom:20px;\">PHILOSOPHY<\/div><\/div>[vc_column_text]<\/p>\n<div class=\"page\" title=\"Page 3\">\n<div class=\"layoutArea\">\n<div class=\"column\">\n<p><strong>We would like each of our guests, thinking back on the days spent with us, to be able to simply say: &#8220;It was wonderful&#8221;. <\/strong>Because &#8220;feeling good&#8221; isn&#8217;t a rational feeling, but one where no words can best describe that particular state of mind.<\/p>\n<p class=\"LC20lb MBeuO DKV0Md\">It&#8217;s that sense of warmth and goodness that envelops you when you feel at home. &#8220;Feeling good&#8221; is to allow oneself to be infected by the beauty of the little things, such as <a href=\"https:\/\/relaisborgodeigatti.it\/ca-erminia\/\">Zia Erminia<\/a>&#8216;s antique furniture, restored to perfection. True, we could easily have bought a thousand different tables and wardrobes, but rather than have you feel as if you&#8217;re staying in a hotel, we wanted you to feel part of a beautiful story.<\/p>\n<p>&#8220;Feeling good&#8221; is the ability to leave one&#8217;s troubles outside the door of our dwellings and to find yourself, as if by magic, living in a time of a much slower pace, long forgotten by modern man. &#8220;Feeling good&#8221; is waking up late in the morning, indulging in a lazy and happy breakfast and capturing the warm feeling of your childhood having just awoken within the warmth of your grandparent&#8217;s home.<\/p>\n<p>To &#8220;feel good&#8221; is also to go to Lino&#8217;s <a href=\"https:\/\/bottegadellino.it\/\">Bottega <\/a>and be indulged by the scent of fresh bread, or to chat with the villagers. To &#8220;feel good&#8221; is<em>to hang out late<\/em> at the <a href=\"https:\/\/www.cortedellupo.wine\/\">Corte del Lupo<\/a>, our idea of a modern tavern, enjoying the finely chosen wines and dishes masterfully prepared by using the <em>wholesome<\/em> ingredients of our local producers that make up the <strong>Slow Food<\/strong> circuit.<\/p>\n<p>&#8220;Feeling good&#8221; is all this and much more. It is the attention to all the little details that makes for the experience.<\/p>\n<p>&nbsp;<\/p>\n<\/div>\n<\/div>\n<\/div>\n<p>[\/vc_column_text][\/vc_column][\/vc_row][vc_row bg_type=&#8221;bg_color&#8221; type=&#8221;vc_default&#8221; css=&#8221;.vc_custom_1638363737775{padding-top: 40px !important;padding-bottom: 20px !important;}&#8221; bg_color_value=&#8221;#ffffff&#8221;][vc_column width=&#8221;1\/2&#8243; css=&#8221;.vc_custom_1469281915280{padding-bottom: 60px !important;}&#8221;]<div id=\"ultimate-heading-514569d839e26644d\" class=\"uvc-heading ult-adjust-bottom-margin ultimate-heading-514569d839e26644d uvc-5805 \" data-hspacer=\"no_spacer\"  data-halign=\"left\" style=\"text-align:left\"><div class=\"uvc-heading-spacer no_spacer\" style=\"top\"><\/div><div class=\"uvc-main-heading ult-responsive\"  data-ultimate-target='.uvc-heading.ultimate-heading-514569d839e26644d h2'  data-responsive-json-new='{\"font-size\":\"desktop:40px;\",\"line-height\":\"desktop:45px;\"}' ><h2 style=\"font-family:&#039;Great Vibes&#039;;--font-weight:theme;color:#976d4d;\">The project<\/h2><\/div><div class=\"uvc-sub-heading ult-responsive\"  data-ultimate-target='.uvc-heading.ultimate-heading-514569d839e26644d .uvc-sub-heading '  data-responsive-json-new='{\"font-size\":\"desktop:35px;\",\"line-height\":\"desktop:40px;\"}'  style=\"font-family:&#039;Poppins&#039;;font-weight:normal;color:#303030;margin-bottom:20px;\">BORGO DEI GATTI<\/div><\/div>[vc_column_text]<strong>Il relais Borgo dei Gatti \u00e8 un grande progetto in divenire. La realizzazione di un sogno ambizioso, quello di far rinascere il Borgo di Golferenzo.<\/strong><\/p>\n<p>Il cuore del Relais sar\u00e0 l\u2019Albergo Diffuso con le sue dimore in pietra sapientemente ristrutturate, arredate con cura e attenzione ai dettagli, in cui potrete davvero vivere l\u2019atmosfera di un borgo fuori dal tempo. Sono gi\u00e0 disponibili per i vostri soggiorni le prime tre Ca\u2019 ed altre tre saranno pronte ad accogliervi in primavera. Intorno alle case torna a vivere il villaggio. La bellezza \u00e8 contagiosa.<\/p>\n<p>Nel 2020 abbiamo inaugurato la <a href=\"https:\/\/www.cortedellupo.wine\/\">Corte del Lupo<\/a>, che \u00e8 la nostra idea di un\u2019osteria moderna, un luogo dove stare, conversare, degustare vini sapienti e cibi che fanno bene all\u2019anima. E siccome un paese non pu\u00f2 non avere la sua bottega, a settembre 2021 \u00e8 nata <a href=\"https:\/\/bottegadellino.it\/\">La Bottega del Lino<\/a>, un piccolo scrigno di tesori dove trovare i prodotti delle migliori aziende agricole del territorio e non solo.<\/p>\n<p>A marzo 2022, dopo una ristrutturazione radicale, abbiamo riaperto i battenti dell\u2019<a href=\"https:\/\/olmonapoleonico.com\/\">Olmo<\/a>, lo storico ristorante pizzeria di Golferenzo. Ma non potevamo certo fermarci qui. Nel 2023 arriver\u00e0 la nostra SPA perch\u00e9 farvi stare bene, in fondo, \u00e8 l\u2019unica cosa importante per noi.[\/vc_column_text][\/vc_column][vc_column width=&#8221;1\/2&#8243; css=&#8221;.vc_custom_1469281920193{padding-bottom: 60px !important;}&#8221;][vc_single_image image=&#8221;2011&#8243; img_size=&#8221;full&#8221; alignment=&#8221;center&#8221;][\/vc_column][\/vc_row][vc_row disable_element=&#8221;yes&#8221; type=&#8221;vc_default&#8221; css=&#8221;.vc_custom_1638363862370{padding-top: 40px !important;padding-bottom: 20px !important;}&#8221;][vc_column css=&#8221;.vc_custom_1469281915280{padding-bottom: 60px !important;}&#8221;]<div id=\"ultimate-heading-897469d839e266470\" class=\"uvc-heading ult-adjust-bottom-margin ultimate-heading-897469d839e266470 uvc-2707 \" data-hspacer=\"no_spacer\"  data-halign=\"center\" style=\"text-align:center\"><div class=\"uvc-heading-spacer no_spacer\" style=\"top\"><\/div><div class=\"uvc-main-heading ult-responsive\"  data-ultimate-target='.uvc-heading.ultimate-heading-897469d839e266470 h2'  data-responsive-json-new='{\"font-size\":\"desktop:40px;\",\"line-height\":\"desktop:45px;\"}' ><h2 style=\"font-family:&#039;Great Vibes&#039;;--font-weight:theme;color:#976d4d;\">le storie<\/h2><\/div><div class=\"uvc-sub-heading ult-responsive\"  data-ultimate-target='.uvc-heading.ultimate-heading-897469d839e266470 .uvc-sub-heading '  data-responsive-json-new='{\"font-size\":\"desktop:35px;\",\"line-height\":\"desktop:40px;\"}'  style=\"font-family:&#039;Poppins&#039;;font-weight:normal;color:#303030;margin-bottom:20px;\">DEL BORGO<\/div><\/div>[\/vc_column][vc_column css=&#8221;.vc_custom_1469281920193{padding-bottom: 60px !important;}&#8221;]<div id=\"ult-carousel-276816277569d839e2664e2\" class=\"ult-carousel-wrapper   ult_horizontal\" data-gutter=\"15\" data-rtl=\"false\" ><div class=\"ult-carousel-386377062269d839e26648f \" >[vc_row_inner][vc_column_inner width=&#8221;2\/3&#8243;]<div class=\"ult-item-wrap\" data-animation=\"animated no-animation\"><div id=\"ultimate-heading-704969d839e266523\" class=\"uvc-heading ult-adjust-bottom-margin ultimate-heading-704969d839e266523 uvc-4389 \" data-hspacer=\"no_spacer\"  data-halign=\"left\" style=\"text-align:left\"><div class=\"uvc-heading-spacer no_spacer\" style=\"top\"><\/div><div class=\"uvc-main-heading ult-responsive\"  data-ultimate-target='.uvc-heading.ultimate-heading-704969d839e266523 h2'  data-responsive-json-new='{\"font-size\":\"desktop:30px;\",\"line-height\":\"desktop:35px;\"}' ><h2 style=\"font-family:&#039;Great Vibes&#039;;--font-weight:theme;color:#976d4d;\">Lino il postino<\/h2><\/div><\/div><\/div>[vc_column_text]Faceva il postino perch\u00e9 suo padre lo aveva fatto prima di lui. Cos\u00ec andavano le cose quando si scrivevano ancora lettere d\u2019amore. La vita delle persone era scandita da quello che il Lino aveva nella sua borsa. Camminava per chilometri per portare le notizie anche alle cascine pi\u00f9 lontane.<\/p>\n<p>Era un uomo mite e gentile e ce lo immaginiamo col groppo in gola prima di bussare a consegnare un telegramma di condoglianze oppure sorridente con in mano una cartolina mandata da qualche parente ricco che aveva visto il mare. Dall\u2019altra parte della porta, chiunque aprisse gli diceva \u201centra dai, siediti che ti offro qualcosa\u201d, che mica c\u2019era fretta ai tempi del Lino.[\/vc_column_text][\/vc_column_inner][vc_column_inner width=&#8221;1\/3&#8243;][vc_single_image image=&#8221;2039&#8243; img_size=&#8221;medium&#8221;][\/vc_column_inner][\/vc_row_inner][vc_row_inner][vc_column_inner width=&#8221;2\/3&#8243;]<div class=\"ult-item-wrap\" data-animation=\"animated no-animation\"><div id=\"ultimate-heading-237069d839e266543\" class=\"uvc-heading ult-adjust-bottom-margin ultimate-heading-237069d839e266543 uvc-3636 \" data-hspacer=\"no_spacer\"  data-halign=\"left\" style=\"text-align:left\"><div class=\"uvc-heading-spacer no_spacer\" style=\"top\"><\/div><div class=\"uvc-main-heading ult-responsive\"  data-ultimate-target='.uvc-heading.ultimate-heading-237069d839e266543 h2'  data-responsive-json-new='{\"font-size\":\"desktop:30px;\",\"line-height\":\"desktop:35px;\"}' ><h2 style=\"font-family:&#039;Great Vibes&#039;;--font-weight:theme;color:#976d4d;\">Lino il postino<\/h2><\/div><\/div><\/div>[vc_column_text]Faceva il postino perch\u00e9 suo padre lo aveva fatto prima di lui. Cos\u00ec andavano le cose quando si scrivevano ancora lettere d\u2019amore. La vita delle persone era scandita da quello che il Lino aveva nella sua borsa. Camminava per chilometri per portare le notizie anche alle cascine pi\u00f9 lontane.<\/p>\n<p>Era un uomo mite e gentile e ce lo immaginiamo col groppo in gola prima di bussare a consegnare un telegramma di condoglianze oppure sorridente con in mano una cartolina mandata da qualche parente ricco che aveva visto il mare. Dall\u2019altra parte della porta, chiunque aprisse gli diceva \u201centra dai, siediti che ti offro qualcosa\u201d, che mica c\u2019era fretta ai tempi del Lino.[\/vc_column_text][\/vc_column_inner][vc_column_inner width=&#8221;1\/3&#8243;][vc_single_image image=&#8221;2039&#8243; img_size=&#8221;medium&#8221;][\/vc_column_inner][\/vc_row_inner]<\/div><\/div>\t\t\t<script type=\"text\/javascript\">\n\t\t\t\tjQuery(document).ready(function ($) {\n\t\t\t\t\tif( typeof jQuery('.ult-carousel-386377062269d839e26648f').slick == \"function\"){\n\t\t\t\t\t\t$('.ult-carousel-386377062269d839e26648f').slick({dots: true,autoplay: true,autoplaySpeed: 5000,speed: 300,infinite: true,arrows: true,nextArrow: '<button type=\"button\" role=\"button\" aria-label=\"Next\" style=\"color:#333333; font-size:20px;\" class=\"slick-next default\"><i class=\"ultsl-arrow-right4\"><\/i><\/button>',prevArrow: '<button type=\"button\" role=\"button\" aria-label=\"Previous\" style=\"color:#333333; font-size:20px;\" class=\"slick-prev default\"><i class=\"ultsl-arrow-left4\"><\/i><\/button>',slidesToScroll:1,slidesToShow:1,swipe: true,draggable: true,touchMove: true,pauseOnHover: true,pauseOnFocus: false,responsive: [\n\t\t\t\t\t\t\t{\n\t\t\t\t\t\t\t  breakpoint: 1026,\n\t\t\t\t\t\t\t  settings: {\n\t\t\t\t\t\t\t\tslidesToShow: 1,\n\t\t\t\t\t\t\t\tslidesToScroll: 1,  \n\t\t\t\t\t\t\t  }\n\t\t\t\t\t\t\t},\n\t\t\t\t\t\t\t{\n\t\t\t\t\t\t\t  breakpoint: 1025,\n\t\t\t\t\t\t\t  settings: {\n\t\t\t\t\t\t\t\tslidesToShow: 1,\n\t\t\t\t\t\t\t\tslidesToScroll: 1\n\t\t\t\t\t\t\t  }\n\t\t\t\t\t\t\t},\n\t\t\t\t\t\t\t{\n\t\t\t\t\t\t\t  breakpoint: 760,\n\t\t\t\t\t\t\t  settings: {\n\t\t\t\t\t\t\t\tslidesToShow: 1,\n\t\t\t\t\t\t\t\tslidesToScroll: 1\n\t\t\t\t\t\t\t  }\n\t\t\t\t\t\t\t}\n\t\t\t\t\t\t],pauseOnDotsHover: true,customPaging: function(slider, i) {\n                   return '<i type=\"button\" style= \"color:#333333;\" class=\"ultsl-record\" data-role=\"none\"><\/i>';\n                },});\n\t\t\t\t\t}\n\t\t\t\t});\n\t\t\t<\/script>\n\t\t\t[\/vc_column][\/vc_row]<\/p>\n<\/section>","protected":false},"excerpt":{"rendered":"<p>[vc_row type=&#8221;vc_default&#8221; css=&#8221;.vc_custom_1474232685932{padding-top: 10px !important;padding-bottom: 20px !important;}&#8221;][vc_column width=&#8221;1\/2&#8243; css=&#8221;.vc_custom_1469281915280{padding-bottom: 60px !important;}&#8221;][vc_column_text]Once upon a time there was an ancient village where a little boy who grew up among the dirt roads and stone houses, surrounded by beautiful vineyards, inhabited by farmers and peasants, worn by the the seasons, as seen from the palms of their hands.&hellip;<\/p>\n","protected":false},"author":1,"featured_media":0,"parent":0,"menu_order":1,"comment_status":"closed","ping_status":"closed","template":"","meta":{"footnotes":""},"class_list":["post-2613","page","type-page","status-publish","hentry","description-off"],"_links":{"self":[{"href":"https:\/\/relaisborgodeigatti.it\/en\/wp-json\/wp\/v2\/pages\/2613","targetHints":{"allow":["GET"]}}],"collection":[{"href":"https:\/\/relaisborgodeigatti.it\/en\/wp-json\/wp\/v2\/pages"}],"about":[{"href":"https:\/\/relaisborgodeigatti.it\/en\/wp-json\/wp\/v2\/types\/page"}],"author":[{"embeddable":true,"href":"https:\/\/relaisborgodeigatti.it\/en\/wp-json\/wp\/v2\/users\/1"}],"replies":[{"embeddable":true,"href":"https:\/\/relaisborgodeigatti.it\/en\/wp-json\/wp\/v2\/comments?post=2613"}],"version-history":[{"count":6,"href":"https:\/\/relaisborgodeigatti.it\/en\/wp-json\/wp\/v2\/pages\/2613\/revisions"}],"predecessor-version":[{"id":2811,"href":"https:\/\/relaisborgodeigatti.it\/en\/wp-json\/wp\/v2\/pages\/2613\/revisions\/2811"}],"wp:attachment":[{"href":"https:\/\/relaisborgodeigatti.it\/en\/wp-json\/wp\/v2\/media?parent=2613"}],"curies":[{"name":"wp","href":"https:\/\/api.w.org\/{rel}","templated":true}]}}